{"id":73,"date":"2019-03-21T20:31:52","date_gmt":"2019-03-21T20:31:52","guid":{"rendered":"http:\/\/estonia.icomos.org\/?page_id=73"},"modified":"2025-01-13T17:38:29","modified_gmt":"2025-01-13T17:38:29","slug":"liikmed","status":"publish","type":"page","link":"https:\/\/estonia.icomos.org\/index.php\/liikmed\/","title":{"rendered":"Liikmed"},"content":{"rendered":"\n<p>Juhatus:<\/p>\n\n\n\n<p><a href=\"https:\/\/www.etis.ee\/CV\/Riin_Alatalu\/est\"><\/a><a href=\"https:\/\/www.etis.ee\/Portal\/Persons\/Display\/82fb848e-cca2-4f66-9b2c-edefb174ffac\">Ave Paulus<\/a>, juhatuse esinaine, ave.paulus@icomos.org <\/p>\n\n\n\n<p>Juhatuse liikmed:<\/p>\n\n\n\n<p><a href=\"http:\/\/www.icomos.ee\/liikmeskond\/elo-lutsepp\/\">Elo Lutsepp<\/a>; Kati Lindstr\u00f6m, Kadri Kallast<\/p>\n\n\n\n<p>Liikmed: <\/p>\n\n\n\n<ol style=\"list-style-type:1\" class=\"wp-block-list\">\n<li>Kristel Akerman<\/li>\n\n\n\n<li><a href=\"https:\/\/www.etis.ee\/Portal\/Persons\/Display\/e40053bd-a71d-4f86-9318-864727980165\">Riin Alatalu<\/a>, ICOMOS International asepresident, ICLAFI, <a href=\"http:\/\/civvih.icomos.org\/\"><strong>CIVVIH<\/strong><\/a>, OCD-RBA WG<\/li>\n\n\n\n<li><a href=\"https:\/\/et.wikipedia.org\/wiki\/Eve_Alttoa\">Eve Alttoa<\/a><\/li>\n\n\n\n<li>Boris Dubovik<\/li>\n\n\n\n<li>Tarmo-Andre Elvisto<\/li>\n\n\n\n<li><a href=\"https:\/\/www.etis.ee\/CV\/Diana_Haapsal001\/est\">Diana Haapsal<\/a><\/li>\n\n\n\n<li><a href=\"https:\/\/www.etis.ee\/Portal\/Persons\/Display\/867522d4-95c6-471e-a56d-a4192fa87af0\">Lilian Hansar<\/a><\/li>\n\n\n\n<li>Helve Ilves<\/li>\n\n\n\n<li><a href=\"https:\/\/www.etis.ee\/Portal\/Persons\/Display\/6b31f8df-3864-454a-93ce-4c88d7fd1206\">Laura Ingerpuu<\/a>, <a rel=\"noreferrer noopener\" href=\"http:\/\/icomos-isc20c.org\/\" target=\"_blank\"><strong>ISC20<\/strong><\/a><\/li>\n\n\n\n<li><a href=\"https:\/\/www.etis.ee\/Portal\/Persons\/Display\/8eae207b-44a1-4eb7-b7ed-e5a22c28a9ce\">Villu Kadakas<\/a><\/li>\n\n\n\n<li>Mart Keskk\u00fcla<\/li>\n\n\n\n<li><a href=\"https:\/\/et.wikipedia.org\/wiki\/Juhan_Kilumets\">Juhan Kilumets<\/a><\/li>\n\n\n\n<li><a href=\"https:\/\/et.wikipedia.org\/wiki\/Andri_Ksenofontov\">Andri Ksenofontov<\/a><\/li>\n\n\n\n<li><a href=\"https:\/\/www.etis.ee\/Portal\/Persons\/Display\/de0fe95f-d4c0-4193-908e-689fdc83a4d2\">Henry Kuningas<\/a>, juhatuse liige, <a href=\"http:\/\/ticcih.org\/\"><strong>TICCIH<\/strong><\/a><\/li>\n\n\n\n<li><a rel=\"noreferrer noopener\" href=\"https:\/\/unesdoc.unesco.org\/ark:\/48223\/pf0000380943_eng\" target=\"_blank\">Krista Pikkat<\/a><\/li>\n\n\n\n<li><a href=\"https:\/\/www.etis.ee\/CV\/Johanna_Liblik\/est\">Johanna Liblik<\/a>, <a rel=\"noreferrer noopener\" href=\"http:\/\/www.icomoswood.org\" target=\"_blank\"><strong>IIWC<\/strong><\/a><\/li>\n\n\n\n<li><a href=\"https:\/\/www.etis.ee\/CV\/Kati_Lindstrom\/est\">Kati Lindstr\u00f6m<\/a>, <a href=\"IPHC:\"><strong>IPHC<\/strong><\/a><\/li>\n\n\n\n<li><a href=\"http:\/\/www.icomos.ee\/liikmeskond\/elo-lutsepp\/\">Elo Lutsepp<\/a>, juhatuse liige, <a href=\"http:\/\/ciav.icomos.org\/\"><strong>CIAV<\/strong><\/a><\/li>\n\n\n\n<li>Karola Mursu<\/li>\n\n\n\n<li>Heli Nurger<\/li>\n\n\n\n<li><a href=\"https:\/\/www.etis.ee\/Portal\/Persons\/Display\/82fb848e-cca2-4f66-9b2c-edefb174ffac\">Ave Paulus<\/a>, juhatuse esimees, <a href=\"ISCCL:\"><strong>ISCCL-IFLA<\/strong><\/a> ; ICLAFI; Theophilos, Veep\u00e4randi komitee, OCD-RBA WG; CCH WG<\/li>\n\n\n\n<li><a href=\"https:\/\/www.etis.ee\/Portal\/Persons\/Display\/86674725-22cd-4f5b-b932-1e5c823e3aca\">Anton P\u00e4rn<\/a><\/li>\n\n\n\n<li><a href=\"https:\/\/www.etis.ee\/Portal\/Persons\/Display\/45d5f696-48de-4e7a-96b4-32078f662aea\">Anneli Randla<\/a>, <strong><a rel=\"noreferrer noopener\" href=\"http:\/\/cif.icomos.org\/index.html\" target=\"_blank\">CIF<\/a><\/strong><\/li>\n\n\n\n<li>Inga Raudvassar<\/li>\n\n\n\n<li><a href=\"https:\/\/www.etis.ee\/CV\/Nele_Rent\/est\">Nele Rent<\/a>, juhatuse aseesimees<\/li>\n\n\n\n<li>Anita Staub<\/li>\n\n\n\n<li><a href=\"https:\/\/www.etis.ee\/CV\/Epi_Tohvri\/est\">Epi Tohvri<\/a><\/li>\n\n\n\n<li><a href=\"http:\/\/www.sirp.ee\/s1-artiklid\/arhitektuur\/fredi-armand-tomps-muinsusmusikaalne-arhitekt\/\">Fredi-Armand Tomps<\/a><\/li>\n\n\n\n<li><a href=\"https:\/\/www.etis.ee\/Portal\/Persons\/Display\/f5393087-da49-4066-b4c4-6d91d81a181b\">Kaire Tooming<\/a><\/li>\n\n\n\n<li><a href=\"https:\/\/www.etis.ee\/Portal\/Persons\/Display\/12af4110-df46-4ed7-b951-19847a85dce3\">Robert Treufeldt<\/a>, <a href=\"http:\/\/www.icofort.org\/\"><strong>IcoFort<\/strong><\/a><\/li>\n\n\n\n<li><a href=\"http:\/\/www.icomos.ee\/liikmeskond\/https\/www.etis.ee\/Portal\/Persons\/Display\/7b55c782-1911-48ed-8223-134aaaa88cbe\">Kaarel Truu<\/a><\/li>\n\n\n\n<li><a href=\"https:\/\/www.etis.ee\/CV\/Madis_Tuuder\/est\">Madis Tuuder<\/a><\/li>\n\n\n\n<li>Artur \u00dcmar, ASCE<\/li>\n\n\n\n<li>Sabina Kaukis<\/li>\n\n\n\n<li><a href=\"https:\/\/www.etis.ee\/CV\/Ulla_Kadakas\/est\" target=\"_blank\" rel=\"noreferrer noopener\">Ulla Kadakas<\/a><\/li>\n\n\n\n<li><a rel=\"noreferrer noopener\" href=\"https:\/\/www.artun.ee\/inimesed\/elo-sova\/\" target=\"_blank\">Elo Sova<\/a><\/li>\n\n\n\n<li><a href=\"https:\/\/www.etis.ee\/CV\/Kadri_Kallast\/eng\/\" data-type=\"URL\" data-id=\"https:\/\/www.etis.ee\/CV\/Kadri_Kallast\/eng\/\" target=\"_blank\" rel=\"noreferrer noopener\">Kadri Kallast<\/a><\/li>\n\n\n\n<li>Viljar Vissel<\/li>\n\n\n\n<li>Mart Siilivask<\/li>\n\n\n\n<li><a href=\"https:\/\/www.etis.ee\/CV\/%C3%9Cllar_Alev\/est\/\" data-type=\"link\" data-id=\"https:\/\/www.etis.ee\/CV\/%C3%9Cllar_Alev\/est\/\">\u00dcllar Alev<\/a><\/li>\n\n\n\n<li>Jaanika Reinvald-Colley<\/li>\n\n\n\n<li>Mirje Tammaru<\/li>\n\n\n\n<li>Kalle Pilt<\/li>\n\n\n\n<li>Pikne Kama<\/li>\n<\/ol>\n\n\n\n<p class=\"has-large-font-size\"><\/p>\n\n\n\n<p>Auliige Fredi-Armand Tomps on ICOMOSi liige alates 1978, Valget\u00e4he III klassi teenetem\u00e4rk, Kultuurkapitali elut\u00f6\u00f6preemia<\/p>\n\n\n\n<figure class=\"wp-block-image\"><img loading=\"lazy\" decoding=\"async\" width=\"3264\" height=\"1840\" src=\"https:\/\/estonia.icomos.org\/wp-content\/uploads\/2019\/03\/20190131_144643.jpg\" alt=\"\" class=\"wp-image-78\"\/><figcaption class=\"wp-element-caption\">Fredi Tomps oma n\u00e4itusel Tallinna Tehnika\u00fclikoolis. Foto: Riin Alatalu<\/figcaption><\/figure>\n\n\n\n<p><a href=\"https:\/\/kultuur.err.ee\/908890\/fredi-tomps-kogu-mu-elu-on-olnud-tagasivaatega-minevikku\">OP 08.02.2019<\/a><\/p>\n\n\n\n<p><a href=\"http:\/\/podcast.kuku.postimees.ee\/podcast\/kukul-kulas-2019-03-17\/\">Kukul k\u00fclas 17.03.2019<\/a><\/p>\n\n\n\n<p><a href=\"https:\/\/sirp.ee\/s1-artiklid\/arhitektuur\/arhitekt-parandi-kaitsel\/\">Sirp 15.02.2019<\/a><\/p>\n\n\n\n<p class=\"has-large-font-size\"><\/p>\n","protected":false},"excerpt":{"rendered":"<p>Juhatus: Ave Paulus, juhatuse esinaine, ave.paulus@icomos.org Juhatuse liikmed: Elo Lutsepp; Kati Lindstr\u00f6m, Kadri Kallast Liikmed: Auliige Fredi-Armand Tomps on ICOMOSi liige alates 1978, Valget\u00e4he III klassi teenetem\u00e4rk, Kultuurkapitali elut\u00f6\u00f6preemia OP 08.02.2019 Kukul k\u00fclas 17.03.2019 Sirp 15.02.2019<\/p>\n","protected":false},"author":2,"featured_media":0,"parent":0,"menu_order":0,"comment_status":"closed","ping_status":"closed","template":"","meta":{"footnotes":""},"class_list":["post-73","page","type-page","status-publish","hentry"],"_links":{"self":[{"href":"https:\/\/estonia.icomos.org\/index.php\/wp-json\/wp\/v2\/pages\/73","targetHints":{"allow":["GET"]}}],"collection":[{"href":"https:\/\/estonia.icomos.org\/index.php\/wp-json\/wp\/v2\/pages"}],"about":[{"href":"https:\/\/estonia.icomos.org\/index.php\/wp-json\/wp\/v2\/types\/page"}],"author":[{"embeddable":true,"href":"https:\/\/estonia.icomos.org\/index.php\/wp-json\/wp\/v2\/users\/2"}],"replies":[{"embeddable":true,"href":"https:\/\/estonia.icomos.org\/index.php\/wp-json\/wp\/v2\/comments?post=73"}],"version-history":[{"count":34,"href":"https:\/\/estonia.icomos.org\/index.php\/wp-json\/wp\/v2\/pages\/73\/revisions"}],"predecessor-version":[{"id":842,"href":"https:\/\/estonia.icomos.org\/index.php\/wp-json\/wp\/v2\/pages\/73\/revisions\/842"}],"wp:attachment":[{"href":"https:\/\/estonia.icomos.org\/index.php\/wp-json\/wp\/v2\/media?parent=73"}],"curies":[{"name":"wp","href":"https:\/\/api.w.org\/{rel}","templated":true}]}}