{"id":815,"date":"2024-11-03T09:51:53","date_gmt":"2024-11-03T09:51:53","guid":{"rendered":"https:\/\/estonia.icomos.org\/?page_id=815"},"modified":"2024-11-03T15:50:20","modified_gmt":"2024-11-03T15:50:20","slug":"meediakajastus","status":"publish","type":"page","link":"https:\/\/estonia.icomos.org\/index.php\/meediakajastus\/","title":{"rendered":"Meediakajastus"},"content":{"rendered":"\n<p><strong>ICOMOS Eesti avalikud teated kodulehel<\/strong><\/p>\n\n\n\n<ol start=\"1\" class=\"wp-block-list\"><\/ol>\n\n\n\n<p><\/p>\n\n\n\n<p><strong>Ametlikud p\u00f6\u00f6rdumised avaliku sektori institutsioonide poole ning eeln\u00f5udele v\u00f5i muudele ametlikele<br>dokumentidele tagasiside andmised:<\/strong><\/p>\n\n\n\n<ol class=\"wp-block-list\"><\/ol>\n\n\n\n<p>ICOMOS Eesti ettepanekud Estonia p\u00e4randim\u00f5ju hinnangu t\u00f6\u00f6versioonile <a href=\"https:\/\/estonia.icomos.org\/index.php\/2024\/11\/03\/tagasiside-tooversioonile-estonia-ooperiteatri-juurdeehitus-parandi-mojuhinnang\/\" data-type=\"link\" data-id=\"https:\/\/estonia.icomos.org\/index.php\/2024\/11\/03\/tagasiside-tooversioonile-estonia-ooperiteatri-juurdeehitus-parandi-mojuhinnang\/\">https:\/\/estonia.icomos.org\/index.php\/2024\/11\/03\/tagasiside-tooversioonile-estonia-ooperiteatri-juurdeehitus-parandi-mojuhinnang\/<\/a><\/p>\n\n\n\n<p>ICOMOS Eesti ettepanekud \u201eKliimakindla majanduse seaduse\u201c eeln\u00f5ule <a href=\"https:\/\/estonia.icomos.org\/index.php\/2024\/09\/\">https:\/\/estonia.icomos.org\/index.php\/2024\/09\/<\/a>\u00a0<\/p>\n\n\n\n<p>ICOMOS Eesti Rahvuskomitee arvamus&nbsp; Valga muinsuskaitseala l\u00f5petamise eeln\u00f5u kohta <a href=\"https:\/\/estonia.icomos.org\/index.php\/2024\/04\/\">https:\/\/estonia.icomos.org\/index.php\/2024\/04\/<\/a>&nbsp;<\/p>\n\n\n\n<p>Vastulause Muinsuskaitseameti mitten\u00f5ustumisele ICOMOS Eesti komitee arvamusega Valga muinsuskaitseala l\u00f5petamise eeln\u00f5ule <a href=\"https:\/\/estonia.icomos.org\/index.php\/2024\/05\/\">https:\/\/estonia.icomos.org\/index.php\/2024\/05\/<\/a><\/p>\n\n\n\n<p>ICOMOS Eesti komitee avalik vastulause&nbsp; Keskkonnaametile Linnam\u00e4e h\u00fcdroelektrijaama&nbsp; paisu ning selle kultuurikeskkonnaga seotud m\u00e4lestiste kaitseks<a href=\"https:\/\/estonia.icomos.org\/index.php\/2024\/05\/06\/icomos-eesti-komitee-avalik-vastulause-keskkonnaametile-linnamae-hudroelektrijaama-paisu-ning-selle-kultuurikeskkonnaga-seotud-malestiste-kaitseks\/\">https:\/\/estonia.icomos.org\/index.php\/2024\/05\/06\/icomos-eesti-komitee-avalik-vastulause-keskkonnaametile-linnamae-hudroelektrijaama-paisu-ning-selle-kultuurikeskkonnaga-seotud-malestiste-kaitseks\/<\/a>&nbsp;<\/p>\n\n\n\n<p><strong>ICOMOS Eesti avalikud teated<\/strong><\/p>\n\n\n\n<p>ICOMOS Eesti komitee Sydneys <a href=\"https:\/\/estonia.icomos.org\/index.php\/2023\/10\/\">https:\/\/estonia.icomos.org\/index.php\/2023\/10\/<\/a>&nbsp;<\/p>\n\n\n\n<p>ICOMOS kutsub m\u00f5ttekotta ajaloolisest hoonestusest <a href=\"https:\/\/estonia.icomos.org\/index.php\/2023\/11\/\">https:\/\/estonia.icomos.org\/index.php\/2023\/11\/<\/a><\/p>\n\n\n\n<p>Heritage Dialogues of Coastal North 28.07.-4.08. 2024 <a href=\"https:\/\/estonia.icomos.org\/index.php\/2024\/06\/\">https:\/\/estonia.icomos.org\/index.php\/2024\/06\/<\/a>&nbsp;<\/p>\n\n\n\n<p>ICOMOS Estonia conference &#8220;European Heritage Homes in Green Transition&#8221;<a href=\"https:\/\/estonia.icomos.org\/index.php\/2024\/06\/09\/icomos-estonia-conference-heritage-homes-in-green-transition-and-renovation-waves\/\">https:\/\/estonia.icomos.org\/index.php\/2024\/06\/09\/icomos-estonia-conference-heritage-homes-in-green-transition-and-renovation-waves\/<\/a>&nbsp;<\/p>\n\n\n\n<p>Kultuuriministeeriumi ja ICOMOS Eesti pressiteade: eksperdid m\u00f5testavad oktoobri l\u00f5pus Tallinnas p\u00e4randkodude rolli rohep\u00f6\u00f6rdes <a href=\"https:\/\/estonia.icomos.org\/index.php\/2024\/10\/01\/kultuuriministeeriumi-ja-icomos-eesti-pressiteade1-oktoober-2024\/\">https:\/\/estonia.icomos.org\/index.php\/2024\/10\/01\/kultuuriministeeriumi-ja-icomos-eesti-pressiteade1-oktoober-2024\/<\/a>&nbsp;<\/p>\n\n\n\n<p>Kultuuriministeeriumi ja ICOMOS Eesti pressiteade: Eksperdid anal\u00fc\u00fcsisid Tallinnas p\u00e4randkodude rolli rohep\u00f6\u00f6rdes <a href=\"https:\/\/estonia.icomos.org\/index.php\/2024\/10\/30\/795\/\">https:\/\/estonia.icomos.org\/index.php\/2024\/10\/30\/795\/<\/a><\/p>\n\n\n\n<p><strong>ICOMOS Eesti tr\u00fckimeedias:<\/strong><\/p>\n\n\n\n<p>Eestlanna UNESCO-s. Krista Pikkat: see on saatus\u00a0 \u00a0 \u00a0 \u00a0 \u00a0 \u00a0\u00a0\u00a0\u00a0\u00a0\u00a0\u00a0\u00a0\u00a0\u00a0\u00a0\u00a0\u00a0 <a href=\"https:\/\/epl.delfi.ee\/artikkel\/120332159\/eestlanna-unesco-s-krista-pikkat-see-on-saatus\">https:\/\/epl.delfi.ee\/artikkel\/120332159\/eestlanna-unesco-s-krista-pikkat-see-on-saatus<\/a><\/p>\n\n\n\n<p>Eksperdid anal\u00fc\u00fcsisid Tallinnas p\u00e4randkodude rolli rohep\u00f6\u00f6rdes\u00a0 \u00a0 \u00a0\u00a0\u00a0\u00a0\u00a0\u00a0\u00a0 <a href=\"https:\/\/www.kinnisvarauudised.ee\/uudised\/2024\/10\/30\/eksperdid-analuusisid-tallinnas-parandkodude-rolli-rohepoordes\">https:\/\/www.kinnisvarauudised.ee\/uudised\/2024\/10\/30\/eksperdid-analuusisid-tallinnas-parandkodude-rolli-rohepoordes<\/a><\/p>\n\n\n\n<p>\u0413\u043e\u0440\u043e\u0434\u0441\u043a\u043e\u0439 \u0430\u0440\u0445\u0438\u0442\u0435\u043a\u0442\u043e\u0440 \u0422\u0430\u043b\u043b\u0438\u043d\u043d\u0430 \u043e \u043a\u0440\u0430\u0442\u043a\u043e\u0441\u0440\u043e\u0447\u043d\u043e\u0439 \u0430\u0440\u0435\u043d\u0434\u0435: \u201e\u042d\u0442\u043e \u0447\u0438\u0441\u0442\u044b\u0439 \u043a\u043e\u0448\u043c\u0430\u0440\u201c\u00a0 \u00a0 \u00a0 \u00a0 \u00a0 \u00a0\u00a0\u00a0\u00a0\u00a0\u00a0\u00a0\u00a0\u00a0\u00a0\u00a0\u00a0\u00a0 <a href=\"https:\/\/dekor.delfi.ee\/artikkel\/120332810\/gorodskoy-arhitektor-tallinna-o-kratkosrochnoy-arende-eto-chistyy-koshmar\">https:\/\/dekor.delfi.ee\/artikkel\/120332810\/gorodskoy-arhitektor-tallinna-o-kratkosrochnoy-arende-eto-chistyy-koshmar<\/a><\/p>\n\n\n\n<p>\u0413\u043e\u0440\u043e\u0434\u0441\u043a\u043e\u0439 \u0430\u0440\u0445\u0438\u0442\u0435\u043a\u0442\u043e\u0440 \u0422\u0430\u043b\u043b\u0438\u043d\u043d\u0430 \u043e \u043a\u0440\u0430\u0442\u043a\u043e\u0441\u0440\u043e\u0447\u043d\u043e\u0439 \u0430\u0440\u0435\u043d\u0434\u0435: \u00ab\u042d\u0442\u043e \u0447\u0438\u0441\u0442\u044b\u0439 \u043a\u043e\u0448\u043c\u0430\u0440\u00bb\u00a0 \u00a0 \u00a0 \u00a0 \u00a0 \u00a0\u00a0\u00a0\u00a0\u00a0\u00a0\u00a0\u00a0\u00a0\u00a0\u00a0\u00a0\u00a0 <a href=\"https:\/\/www.dv.ee\/novosti\/2024\/10\/29\/gorodskoj-arhitektor-tallinna-o-kratkosrochnoj-arende-jeto-chistyj-koshmar\">https:\/\/www.dv.ee\/novosti\/2024\/10\/29\/gorodskoj-arhitektor-tallinna-o-kratkosrochnoj-arende-jeto-chistyj-koshmar<\/a><\/p>\n\n\n\n<p>Estonia juurdeehitise plaan sai h\u00e4vitava hinnangu, selle koostajat s\u00fc\u00fcdistatakse huvide konfliktis\u00a0 \u00a0 \u00a0 \u00a0 \u00a0 \u00a0\u00a0\u00a0\u00a0\u00a0\u00a0\u00a0\u00a0\u00a0\u00a0\u00a0\u00a0\u00a0<a href=\" https:\/\/epl.delfi.ee\/artikkel\/120332403\/estonia-juurdeehituse-plaan-sai-havitava-hinnangu-selle-koostajat-suudistatakse-huvide-konflikt\"> <\/a><a href=\"https:\/\/epl.delfi.ee\/artikkel\/120332403\/estonia-juurdeehituse-plaan-sai-havitava-hinnangu-selle-koostajat-suudistatakse-huvide-konfliktis\">https:\/\/epl.delfi.ee\/artikkel\/120332403\/estonia-juurdeehituse-plaan-sai-havitava-hinnangu-selle-koostajat-suudistatakse-huvide-konfliktis<\/a><\/p>\n\n\n\n<p>Margit Sutrop: m\u00f5ttetu s\u00f5da Estonia ooperiteatri juurdeehituse p\u00e4rast&nbsp; &nbsp; &nbsp; &nbsp; &nbsp; &nbsp;&nbsp;&nbsp;&nbsp;&nbsp;&nbsp; https:\/\/www.err.ee\/1609504870\/margit-sutrop-mottetu-soda-estonia-ooperiteatri-juurdeehituse-parast<\/p>\n\n\n\n<p class=\"has-text-align-left\">Eksperdid arutlevad Tallinnas p\u00e4randkodude rolli \u00fcle rohep\u00f6\u00f6rdes&nbsp; &nbsp; &nbsp; &nbsp; &nbsp; &nbsp;&nbsp;&nbsp;&nbsp;&nbsp;&nbsp;&nbsp;&nbsp;&nbsp;&nbsp;&nbsp;&nbsp;&nbsp; https:\/\/www.bns.ee\/topic\/648\/news\/68062157\/<\/p>\n\n\n\n<p>Tallinn ja Estonia on teatrimaja juurdeehitise osas endiselt eriarvamusel &nbsp; https:\/\/www.err.ee\/1609504018\/tallinn-ja-estonia-on-teatrimaja-juurdeehitise-osas-endiselt-eriarvamusel<\/p>\n\n\n\n<p>Pole maja, pole probleemi \u00a0 \u00a0\u00a0\u00a0 <a href=\"https:\/\/sirp.ee\/?p=105414\">https:\/\/sirp.ee\/?p=105414<\/a>\u00a0 \u00a0\u00a0\u00a0\u00a0<\/p>\n\n\n\n<p>P\u00e4randihoidja sajand. Fredi Tomps\u00a0 \u00a0 \u00a0 \u00a0 \u00a0 \u00a0\u00a0\u00a0\u00a0\u00a0\u00a0\u00a0\u00a0\u00a0\u00a0\u00a0\u00a0 <a href=\"https:\/\/virumaateataja.postimees.ee\/8091422\">https:\/\/virumaateataja.postimees.ee\/8091422<\/a><\/p>\n\n\n\n<p>Vestlus\u00f5htul Fredi Tompsi ja Riin Alataluga avaneb \u2033Minu sajand\u2033\u00a0 \u00a0 \u00a0 \u00a0 \u00a0 \u00a0\u00a0\u00a0\u00a0\u00a0\u00a0\u00a0\u00a0\u00a0\u00a0\u00a0\u00a0\u00a0 <a href=\"https:\/\/virumaateataja.postimees.ee\/8081164\">https:\/\/virumaateataja.postimees.ee\/8081164<\/a><\/p>\n\n\n\n<p>Andro M\u00e4nd: me ei suuda \u00fchiskonnana n\u00e4ha suuremat pilti\u00a0 \u00a0 \u00a0 \u00a0 \u00a0 \u00a0\u00a0\u00a0\u00a0\u00a0\u00a0\u00a0\u00a0\u00a0\u00a0\u00a0\u00a0\u00a0 <a href=\"https:\/\/kultuur.err.ee\/1609423750\/andro-mand-me-ei-suuda-uhiskonnana-naha-suuremat-pilti\">https:\/\/kultuur.err.ee\/1609423750\/andro-mand-me-ei-suuda-uhiskonnana-naha-suuremat-pilti<\/a><\/p>\n\n\n\n<p>\u041f\u043e\u0442\u0435\u043d\u0446\u0438\u0430\u043b\u044c\u043d\u044b\u0439 \u043e\u0442\u043a\u0430\u0437 \u043e\u0442 \u0441\u0442\u0440\u043e\u0438\u0442\u0435\u043b\u044c\u0441\u0442\u0432\u0430 \u043f\u0440\u0438\u0441\u0442\u0440\u043e\u0439\u043a\u0438 \u043a \u0442\u0435\u0430\u0442\u0440\u0443 \u00ab\u042d\u0441\u0442\u043e\u043d\u0438\u044f\u00bb \u043f\u0440\u0438\u0432\u0435\u043b \u043a \u0441\u043b\u043e\u0432\u0435\u0441\u043d\u043e\u0439 \u0434\u0443\u044d\u043b\u0438\u00a0 \u00a0 \u00a0 \u00a0 \u00a0 \u00a0\u00a0\u00a0\u00a0\u00a0\u00a0\u00a0\u00a0\u00a0\u00a0\u00a0<a href=\"https:\/\/estonia.icomos.org\/index.php\/meediakajastus\/\" data-type=\"page\" data-id=\"815\">\u00a0\u00a0 https:\/\/rus.postimees.ee\/8027158\/potencialnyy-otkaz-ot-stroitelstva-pristroyki-k-teatru-estoniya-privel-k-slovesnoy-dueli<\/a><\/p>\n\n\n\n<p>Estonia juurdeehituse \u00e4raj\u00e4\u00e4mise oht viis s\u00f5nas\u00f5jani\u00a0 \u00a0 \u00a0 \u00a0 \u00a0 \u00a0\u00a0\u00a0\u00a0\u00a0\u00a0\u00a0\u00a0\u00a0\u00a0\u00a0\u00a0\u00a0 <a href=\"https:\/\/www.postimees.ee\/8026864\/estonia-juurdeehituse-arajaamise-oht-viis-sonasojani\">https:\/\/www.postimees.ee\/8026864\/estonia-juurdeehituse-arajaamise-oht-viis-sonasojani<\/a><\/p>\n\n\n\n<p>Muinsuskaitse kahurid veeresid lahinguv\u00e4ljale. UNESCO teatas, et Estonia teatri suur juurdeehitis ei tule k\u00f5ne allagi\u00a0 \u00a0 \u00a0 \u00a0 \u00a0 \u00a0\u00a0\u00a0\u00a0\u00a0\u00a0\u00a0\u00a0\u00a0\u00a0\u00a0\u00a0\u00a0 <a href=\"https:\/\/www.delfi.ee\/artikkel\/120292786\/muinsuskaitse-kahurid-veeresid-lahinguvaljale-unesco-teatas-et-estonia-teatri-suur-juurdeehitus-ei-tule-kone-allagi\">https:\/\/www.delfi.ee\/artikkel\/120292786\/muinsuskaitse-kahurid-veeresid-lahinguvaljale-unesco-teatas-et-estonia-teatri-suur-juurdeehitus-ei-tule-kone-allagi<\/a><\/p>\n\n\n\n<p>Muinsuskaitsjad seisavad j\u00e4tkuvalt Linnam\u00e4e h\u00fcdrojaama s\u00e4ilimise eest\u00a0 \u00a0\u00a0\u00a0 <a href=\"https:\/\/www.bns.ee\/topic\/648\/news\/67346636\/\">https:\/\/www.bns.ee\/topic\/648\/news\/67346636\/<\/a><\/p>\n\n\n\n<p>Muinsuskaitsjad ei toetanud ettepanekut Valga s\u00fcdalinna kaitseala alles j\u00e4tta\u00a0 \u00a0 \u00a0 \u00a0\u00a0\u00a0\u00a0\u00a0\u00a0\u00a0\u00a0\u00a0 <a href=\"https:\/\/lounapostimees.postimees.ee\/8002207\/muinsuskaitsjad-ei-toetanud-ettepanekut-valga-sudalinna-kaitseala-alles-jatta\">https:\/\/lounapostimees.postimees.ee\/8002207\/muinsuskaitsjad-ei-toetanud-ettepanekut-valga-sudalinna-kaitseala-alles-jatta<\/a><\/p>\n\n\n\n<p>Muinsuskaitseamet pidurdas plaani viia Valga muinsuskaitse alt v\u00e4lja\u00a0 \u00a0 \u00a0 \u00a0 \u00a0 \u00a0\u00a0\u00a0\u00a0\u00a0\u00a0\u00a0\u00a0\u00a0 <a href=\"https:\/\/www.bns.ee\/topic\/648\/news\/67223336\/\">https:\/\/www.bns.ee\/topic\/648\/news\/67223336\/<\/a><\/p>\n\n\n\n<p>\u2033Minu sajand\u2033 r\u00e4\u00e4gib arhitekti ja muinsuskaitsja Fredi Tompsi loo\u00a0 \u00a0 \u00a0 \u00a0 \u00a0 \u00a0\u00a0\u00a0\u00a0\u00a0\u00a0\u00a0\u00a0\u00a0\u00a0\u00a0\u00a0\u00a0 <a href=\"https:\/\/virumaateataja.postimees.ee\/7986566\/minu-sajand-raagib-arhitekti-ja-muinsuskaitsja-fredi-tompsi-loo\">https:\/\/virumaateataja.postimees.ee\/7986566\/minu-sajand-raagib-arhitekti-ja-muinsuskaitsja-fredi-tompsi-loo<\/a><\/p>\n\n\n\n<p>Lahemaa rahvuspargis toimub m\u00f5ttekoda \u201cAjaloolised hooned energiat\u00f5hususe tuules\u2033\u00a0 \u00a0 \u00a0 \u00a0 \u00a0 \u00a0\u00a0\u00a0\u00a0\u00a0\u00a0\u00a0\u00a0\u00a0\u00a0\u00a0\u00a0\u00a0 <a href=\"https:\/\/www.bns.ee\/topic\/638\/news\/66716440\/\">https:\/\/www.bns.ee\/topic\/638\/news\/66716440\/<\/a><\/p>\n\n\n\n<p>Projektiga parandatakse kultuuriv\u00e4\u00e4rtuslike elumajade energiat\u00f5husust\u00a0 \u00a0 \u00a0 \u00a0 \u00a0 \u00a0 <a href=\"https:\/\/www.bns.ee\/topic\/648\/news\/66588378\/\">https:\/\/www.bns.ee\/topic\/648\/news\/66588378\/<\/a><\/p>\n\n\n\n<p>Draama mitmes vaatuses&nbsp; &nbsp; &nbsp;&nbsp;&nbsp; <a href=\"https:\/\/sirp.ee\/?p=97175\">https:\/\/sirp.ee\/?p=97175<\/a><\/p>\n\n\n\n<p>Ruumidiplomaatia ja fassaaditagune elu <a href=\"https:\/\/sirp.ee\/?p=97036\">https:\/\/sirp.ee\/?p=97036<\/a>&nbsp;&nbsp;<\/p>\n\n\n\n<p>Auv\u00e4\u00e4rne linnaehituslik tellis\u00a0 https:\/\/station.ee\/#57417257\u00a0\u00a0\u00a0\u00a0\u00a0\u00a0\u00a0\u00a0\u00a0\u00a0\u00a0\u00a0\u00a0 https:\/\/sirp.ee\/?p=103844<\/p>\n\n\n\n<p>Struve geodeetiline kaar. UNESCO maailmap\u00e4rand tuhandet\u00fckilise pusle ja vihikuna\u00a0\u00a0\u00a0\u00a0\u00a0\u00a0\u00a0\u00a0\u00a0\u00a0 https:\/\/station.ee\/#57521914\u00a0\u00a0\u00a0\u00a0<\/p>\n\n\n\n<p>Kas kohanemine v\u00f5i alistumine?&nbsp;&nbsp;&nbsp;&nbsp;&nbsp;&nbsp;&nbsp;&nbsp;&nbsp; https:\/\/station.ee\/#56087647&nbsp;&nbsp;&nbsp;&nbsp;&nbsp;&nbsp;&nbsp;&nbsp;&nbsp;&nbsp;&nbsp;&nbsp;&nbsp; https:\/\/sirp.ee\/?p=102275<\/p>\n\n\n\n<p>Millises Eestis me elaksime, kui s\u00f5da poleks olnud?&nbsp; https:\/\/station.ee\/#56001482&nbsp;&nbsp;&nbsp;&nbsp;&nbsp;&nbsp;&nbsp;&nbsp;&nbsp;&nbsp;&nbsp;&nbsp;&nbsp; https:\/\/epl.delfi.ee\/artikkel\/120293499\/millises-eestis-me-elaksime-kui-soda-poleks-olnud<\/p>\n\n\n\n<p>Muinsuskaitsja elu kiskus n\u00f5ukaajal kriminulliks. Julgeolek sokutas \u201elutika\u201c kohviveskisse <a href=\"https:\/\/station.ee\/#55667969\u00a0\u00a0\">https:\/\/station.ee\/#55667969\u00a0\u00a0<\/a>\u00a0\u00a0\u00a0\u00a0\u00a0\u00a0\u00a0\u00a0\u00a0\u00a0\u00a0 https:\/\/maaleht.delfi.ee\/artikkel\/120287704\/muinsuskaitsja-elu-kiskus-noukaajal-kriminulliks-julgeolek-sokutas-lutika-kohviveskisse<\/p>\n\n\n\n<p>Eluaegne muinsuskaitsja soovitab ehitada Narva baroksest vanalinnast \u00fcles kas v\u00f5i neli maja\u00a0 <a href=\"https:\/\/station.ee\/#55664596\">https:\/\/station.ee\/#55664596<\/a>\u00a0\u00a0<\/p>\n\n\n\n<p>Muinsuskaitseamet pidurdas plaani viia Valga muinsuskaitse alt v\u00e4lja\u00a0\u00a0\u00a0\u00a0\u00a0\u00a0\u00a0\u00a0\u00a0\u00a0\u00a0\u00a0\u00a0 <a href=\"https:\/\/station.ee\/#55392886\u00a0\">https:\/\/station.ee\/#55392886\u00a0<\/a>\u00a0\u00a0\u00a0\u00a0\u00a0\u00a0\u00a0\u00a0\u00a0\u00a0\u00a0\u00a0 <a href=\"https:\/\/www.bns.ee\/topic\/648\/news\/67223336\/\">https:\/\/www.bns.ee\/topic\/648\/news\/67223336\/<\/a><\/p>\n\n\n\n<p>Muinsuskaitseamet pidurdas menutut plaani\u00a0\u00a0\u00a0\u00a0\u00a0\u00a0\u00a0\u00a0\u00a0\u00a0\u00a0\u00a0\u00a0 <a href=\"https:\/\/station.ee\/#55391276\">https:\/\/station.ee\/#55391276<\/a><\/p>\n\n\n\n<p>\u2033Minu sajand\u2033 r\u00e4\u00e4gib arhitekti ja muinsuskaitsja Fredi Tompsi loo&nbsp;&nbsp;&nbsp;&nbsp; <a href=\"https:\/\/virumaateataja.postimees.ee\/7986566\/minu-sajand-raagib-arhitekti-ja-muinsuskaitsja-fredi-tompsi-loo\">https:\/\/virumaateataja.postimees.ee\/7986566\/minu-sajand-raagib-arhitekti-ja-muinsuskaitsja-fredi-tompsi-loo<\/a><\/p>\n\n\n\n<p>Eesti eiras UNESCO n\u00f5udeid. Estonia juurdeehitisest teavitati alles kahe ja poole aastase viivitusega<\/p>\n\n\n\n<p><a href=\"https:\/\/epl.delfi.ee\/artikkel\/120272078\/eesti-eiras-unesco-noudeid-estonia-juurdeehitisest-teavitati-alles-kahe-ja-poole-aastase-viivitusega\">https:\/\/epl.delfi.ee\/artikkel\/120272078\/eesti-eiras-unesco-noudeid-estonia-juurdeehitisest-teavitati-alles-kahe-ja-poole-aastase-viivitusega<\/a><\/p>\n\n\n\n<p><strong>ICOMOS Eesti televisioonis, raaadios, muus meediakajas<\/strong><\/p>\n\n\n\n<p>Uudis+ 2. saatetund&nbsp;&nbsp;&nbsp; https:\/\/station.ee\/#58315276&nbsp;&nbsp;&nbsp;&nbsp;&nbsp;&nbsp;&nbsp;&nbsp;&nbsp;&nbsp;&nbsp;&nbsp;<\/p>\n\n\n\n<p>Delta 1.osa&nbsp;&nbsp;&nbsp;&nbsp;&nbsp;&nbsp; https:\/\/station.ee\/#58299833&nbsp;&nbsp;&nbsp;&nbsp;&nbsp;&nbsp;&nbsp;&nbsp;&nbsp;&nbsp;&nbsp;&nbsp;<\/p>\n\n\n\n<p>Terevisioon&nbsp;&nbsp;&nbsp;&nbsp;&nbsp;&nbsp; https:\/\/station.ee\/#58292996&nbsp;&nbsp;&nbsp;&nbsp;&nbsp;&nbsp;&nbsp;&nbsp;&nbsp;&nbsp;&nbsp;&nbsp;<\/p>\n\n\n\n<p>Hommik 9:30&nbsp;&nbsp; https:\/\/station.ee\/#58275557&nbsp;&nbsp;&nbsp;&nbsp;&nbsp;&nbsp;&nbsp;&nbsp;&nbsp;&nbsp;&nbsp;&nbsp;<\/p>\n\n\n\n<p>Hommik 8:00&nbsp;&nbsp; https:\/\/station.ee\/#58273854&nbsp;&nbsp;&nbsp;&nbsp;&nbsp;&nbsp;&nbsp;&nbsp;&nbsp;&nbsp;&nbsp;&nbsp;<\/p>\n\n\n\n<p>Telehommik\u00a0\u00a0\u00a0\u00a0 https:\/\/station.ee\/#58274530\u00a0\u00a0\u00a0\u00a0\u00a0\u00a0\u00a0\u00a0\u00a0\u00a0\u00a0\u00a0\u00a0\u00a0\u00a0\u00a0\u00a0\u00a0\u00a0\u00a0<\/p>\n\n\n\n<p>Igavene linnahall&nbsp;&nbsp;&nbsp;&nbsp;&nbsp;&nbsp;&nbsp;&nbsp;&nbsp; https:\/\/station.ee\/#57222014&nbsp;&nbsp;&nbsp;&nbsp;&nbsp;&nbsp;&nbsp;&nbsp;&nbsp;&nbsp;&nbsp;&nbsp;<\/p>\n\n\n\n<p>Kuku p\u00e4rastl\u00f5una 2\u00a0\u00a0\u00a0\u00a0\u00a0 https:\/\/station.ee\/#57186916\u00a0\u00a0\u00a0\u00a0\u00a0\u00a0\u00a0\u00a0\u00a0\u00a0\u00a0\u00a0\u00a0\u00a0\u00a0\u00a0\u00a0\u00a0\u00a0\u00a0\u00a0\u00a0<\/p>\n\n\n\n<p>Delta 1.osa&nbsp;&nbsp;&nbsp;&nbsp;&nbsp;&nbsp; https:\/\/station.ee\/#55472771&nbsp;&nbsp;&nbsp;&nbsp;&nbsp;&nbsp;&nbsp;&nbsp;&nbsp;&nbsp;&nbsp;&nbsp;<\/p>\n\n\n\n<p><\/p>\n\n\n\n<p><strong>4. Inglisekeelsed uudisartiklid v\u00e4lismeedias<\/strong><\/p>\n\n\n\n<p><a href=\"https:\/\/www.icomos.org\/en\/89-english-categories\/home\/142710-icomos-participates-in-policy-discussions-at-the-2024-european-heritage-summit\">https:\/\/www.icomos.org\/en\/89-english-categories\/home\/142710-icomos-participates-in-policy-discussions-at-the-2024-european-heritage-summit<\/a><\/p>\n\n\n\n<figure class=\"wp-block-embed is-type-wp-embed is-provider-europa-nostra wp-block-embed-europa-nostra\"><div class=\"wp-block-embed__wrapper\">\n<blockquote class=\"wp-embedded-content\" data-secret=\"Gx9QuhUQ9o\"><a href=\"https:\/\/www.europanostra.org\/european-heritage-policy-agora-2024-champions-quality-principles-in-heritage-conservation-for-resilient-heritage-ecosystems\/\">European Heritage Policy Agora 2024 champions quality principles in heritage conservation for resilient heritage ecosystems<\/a><\/blockquote><iframe loading=\"lazy\" class=\"wp-embedded-content\" sandbox=\"allow-scripts\" security=\"restricted\" style=\"position: absolute; visibility: hidden;\" title=\"&#8220;European Heritage Policy Agora 2024 champions quality principles in heritage conservation for resilient heritage ecosystems&#8221; &#8212; Europa Nostra\" src=\"https:\/\/www.europanostra.org\/european-heritage-policy-agora-2024-champions-quality-principles-in-heritage-conservation-for-resilient-heritage-ecosystems\/embed\/#?secret=bRpGfdsrSx#?secret=Gx9QuhUQ9o\" data-secret=\"Gx9QuhUQ9o\" width=\"500\" height=\"282\" frameborder=\"0\" marginwidth=\"0\" marginheight=\"0\" scrolling=\"no\"><\/iframe>\n<\/div><\/figure>\n\n\n\n<p>Festivalen Kommen til&nbsp; Bod\u00f6 <a href=\"https:\/\/www.an.no\/festivalen-kommer-til-bodo-varer-i-en-uke\/s\/5-4-1999784\">https:\/\/www.an.no\/festivalen-kommer-til-bodo-varer-i-en-uke\/s\/5-4-1999784<\/a><\/p>\n\n\n\n<p><strong>Artiklid ja s\u00f5nav\u00f5tud Eesti meedias<\/strong><\/p>\n\n\n\n<p>Raha vedeleb. Hiiu Leht&nbsp; 17.10.2024<\/p>\n\n\n\n<p>Raha vedeleb. Sirp.ee 11.10.2024<\/p>\n\n\n\n<p>Arendajatel ja arhitektidel tuleb muinsuskaitse usaldus v\u00e4lja teenida<\/p>\n\n\n\n<p>&nbsp;aripaev.ee&nbsp; 17.10.2024 13:00<\/p>\n\n\n\n<p>P\u00e4randihoidja sajand. Fredi Tomps &nbsp;Virumaa Teataja&nbsp; 07.09.2024<\/p>\n\n\n\n<p>Vestlus\u00f5htul Fredi Tompsi ja Riin Alataluga avaneb &amp;quot;Minu sajand&amp;quot;<\/p>\n\n\n\n<p>&nbsp;virumaateataja.postimees.ee&nbsp; 21.08.2024 10:19<\/p>\n\n\n\n<p>Muinsuskaitse kahurid veeresid lahinguv\u00e4ljale. UNESCO teatas, et Estonia teatri suur juurdeehitis ei tule k\u00f5ne allagi delfi.ee&nbsp; 14.05.2024 12:58<\/p>\n\n\n\n<p>Muinsuskaitseamet pidurdas menutut plaani Postimees&nbsp; 06.04.2024<\/p>\n\n\n\n<p>Muinsuskaitseamet sattus Valgas turmtule alla ja t\u00f5mbas ebapopulaarsele plaanile pidurit postimees.ee&nbsp; 05.04.2024 13:42<\/p>\n\n\n\n<p>Riin Alatalu: kui p\u00e4rand satub poliitiku t\u00f6\u00f6riistaks \u00a0err.ee\u00a0 04.04.2024 14:12 Estonia teatri laienduse vaidlusel l\u00f5ppu ei paista<\/p>\n\n\n\n<p>Galerii: Tartu t\u00e4nas konverentsikorraldajaid <a href=\"https:\/\/tartu.ee\/et\/uudised\/tartu-tanas-konverentsikorraldajaid?fbclid=IwY2xjawGHXKxleHRuA2FlbQIxMAABHRB2WVTiT-yhhKxRNkm8SLzaBF0bWcbYk6q_RkTcvRhCwbpjTc8oJlI81Q_aem_n4Ij7cKjVxHGVW8gYsdZGg\">https:\/\/tartu.ee\/et\/uudised\/tartu-tanas-konverentsikorraldajaid?fbclid=IwY2xjawGHXKxleHRuA2FlbQIxMAABHRB2WVTiT-yhhKxRNkm8SLzaBF0bWcbYk6q_RkTcvRhCwbpjTc8oJlI81Q_aem_n4Ij7cKjVxHGVW8gYsdZGg<\/a><\/p>\n\n\n\n<p>Eesti eluasemepoliitika uuenduskuuri l\u00e4vel &nbsp;Maja&nbsp; 01.09.2023 00:00<\/p>\n\n\n\n<p>\u0418\u0437\u043c\u0435\u043d\u0435\u043d\u0438\u044f \u0432 \u0443\u043f\u0440\u0430\u0432\u043b\u0435\u043d\u0438\u0438 \u0436\u0438\u043b\u0438\u0449\u043d\u044b\u043c \u0445\u043e\u0437\u044f\u0439\u0441\u0442\u0432\u043e\u043c Elamu&nbsp; 01.09.2023 00:00<\/p>\n\n\n\n<p>Muudatused elamumajanduse juhtimises &nbsp;Elamu&nbsp; 01.09.2023 00:00<\/p>\n\n\n\n<p>Lutsepp, Elo 2024. Pole maja, pole probleemi. \u2013 Sirp, 25.10.; <a href=\"https:\/\/www.sirp.ee\/s1-artiklid\/arhitektuur\/pole-maja-pole-probleemi\/\">https:\/\/www.sirp.ee\/s1-artiklid\/arhitektuur\/pole-maja-pole-probleemi\/<\/a><\/p>\n\n\n\n<p>Eesti-Norra P\u00e4randidialoogid Terevisioonis <a href=\"https:\/\/jupiter.err.ee\/1609354794\/eesti-norra-parandidialoogid\">https:\/\/jupiter.err.ee\/1609354794\/eesti-norra-parandidialoogid<\/a>&nbsp;<\/p>\n","protected":false},"excerpt":{"rendered":"<p>ICOMOS Eesti avalikud teated kodulehel Ametlikud p\u00f6\u00f6rdumised avaliku sektori institutsioonide poole ning eeln\u00f5udele v\u00f5i muudele ametlikeledokumentidele tagasiside andmised: ICOMOS Eesti ettepanekud Estonia p\u00e4randim\u00f5ju hinnangu t\u00f6\u00f6versioonile https:\/\/estonia.icomos.org\/index.php\/2024\/11\/03\/tagasiside-tooversioonile-estonia-ooperiteatri-juurdeehitus-parandi-mojuhinnang\/ ICOMOS Eesti ettepanekud \u201eKliimakindla majanduse seaduse\u201c eeln\u00f5ule https:\/\/estonia.icomos.org\/index.php\/2024\/09\/\u00a0 ICOMOS Eesti Rahvuskomitee arvamus&nbsp; Valga muinsuskaitseala l\u00f5petamise eeln\u00f5u kohta https:\/\/estonia.icomos.org\/index.php\/2024\/04\/&nbsp; Vastulause Muinsuskaitseameti mitten\u00f5ustumisele ICOMOS Eesti komitee arvamusega Valga muinsuskaitseala l\u00f5petamise eeln\u00f5ule [&hellip;]<\/p>\n","protected":false},"author":4,"featured_media":0,"parent":0,"menu_order":0,"comment_status":"closed","ping_status":"closed","template":"","meta":{"footnotes":""},"class_list":["post-815","page","type-page","status-publish","hentry"],"_links":{"self":[{"href":"https:\/\/estonia.icomos.org\/index.php\/wp-json\/wp\/v2\/pages\/815","targetHints":{"allow":["GET"]}}],"collection":[{"href":"https:\/\/estonia.icomos.org\/index.php\/wp-json\/wp\/v2\/pages"}],"about":[{"href":"https:\/\/estonia.icomos.org\/index.php\/wp-json\/wp\/v2\/types\/page"}],"author":[{"embeddable":true,"href":"https:\/\/estonia.icomos.org\/index.php\/wp-json\/wp\/v2\/users\/4"}],"replies":[{"embeddable":true,"href":"https:\/\/estonia.icomos.org\/index.php\/wp-json\/wp\/v2\/comments?post=815"}],"version-history":[{"count":7,"href":"https:\/\/estonia.icomos.org\/index.php\/wp-json\/wp\/v2\/pages\/815\/revisions"}],"predecessor-version":[{"id":828,"href":"https:\/\/estonia.icomos.org\/index.php\/wp-json\/wp\/v2\/pages\/815\/revisions\/828"}],"wp:attachment":[{"href":"https:\/\/estonia.icomos.org\/index.php\/wp-json\/wp\/v2\/media?parent=815"}],"curies":[{"name":"wp","href":"https:\/\/api.w.org\/{rel}","templated":true}]}}