{"id":9,"date":"2019-03-04T21:38:59","date_gmt":"2019-03-04T21:38:59","guid":{"rendered":"http:\/\/estonia.icomos.org\/?page_id=9"},"modified":"2025-01-30T18:35:32","modified_gmt":"2025-01-30T18:35:32","slug":"members","status":"publish","type":"page","link":"https:\/\/estonia.icomos.org\/index.php\/members\/","title":{"rendered":"ICOMOS Eesti komitee"},"content":{"rendered":"\n<p><a href=\"http:\/\/icomos.org\">ICOMOS <\/a>on 1965. aastal loodud rahvusvaheline muinsuskaitse eksperte \u00fchendav organisatsioon. <a href=\"http:\/\/www.icomos.org\/images\/DOCUMENTS\/Secretariat\/2015\/GA_2014_results\/20150114-ethics-asadopted-languagecheck-finalcirc.pdf\">ICOMOSi eetikakoodeks<\/a><\/p>\n\n\n\n<p>ICOMOS tegutseb l\u00e4bi rahvuskomiteede ja teaduskomiteede.<\/p>\n\n\n\n<p><\/p>\n\n\n\n<p>ICOMOS Eesti  liikmed on esindatud j\u00e4rgmistes teaduskomiteedes:<\/p>\n\n\n\n<p><strong><a rel=\"noreferrer noopener\" href=\"http:\/\/landscapes.icomos.org\/\" target=\"_blank\">ISCCL<\/a>:<\/strong>&nbsp;International committee on&nbsp;<strong>Cultural Landscapes&nbsp;<\/strong>ICOMOS-IFLA<\/p>\n\n\n\n<p><a href=\"http:\/\/www.icofort.org\/\"><strong>IcoFort<\/strong><\/a>: International committee on&nbsp;<strong>Fortifications and Military Heritage<\/strong><\/p>\n\n\n\n<p><strong><a rel=\"noreferrer noopener\" href=\"http:\/\/civvih.icomos.org\/\" target=\"_blank\">CIVVIH<\/a><\/strong>: International committee on&nbsp;<strong>Historic Towns and Villages<\/strong><\/p>\n\n\n\n<p><strong>ICLAFI<\/strong>:&nbsp;International committee on&nbsp;<strong>Legal, Administrative and Financial Issues<\/strong><\/p>\n\n\n\n<p><strong><a href=\"https:\/\/ciav.icomos.org\/\">CIAV<\/a><\/strong>: International committee on&nbsp;<strong>Vernacular Architecture<\/strong><\/p>\n\n\n\n<p><strong><a rel=\"noreferrer noopener\" href=\"http:\/\/icomos-isc20c.org\/\" target=\"_blank\">ISC20C<\/a><\/strong>: International committee on&nbsp;<strong>20th Century Heritage<\/strong><\/p>\n\n\n\n<p><strong><a rel=\"noreferrer noopener\" href=\"http:\/\/iphc.icomos.org\/\" target=\"_blank\">IPHC<\/a><\/strong>: International&nbsp;<strong>Polar Heritage<\/strong>&nbsp;Committee<\/p>\n\n\n\n<p><strong>CIF<\/strong>: International committee on <strong>Training<\/strong><\/p>\n\n\n\n<p><strong><a href=\"http:\/\/www.icomoswood.org\">IIWC<\/a><\/strong>: International committee on <strong>Wood<\/strong><\/p>\n\n\n\n<p><a rel=\"noreferrer noopener\" href=\"https:\/\/theophilos.icomos.org\/\" data-type=\"URL\" data-id=\"https:\/\/theophilos.icomos.org\/\" target=\"_blank\">Theophilos<\/a> &#8211; International Committee on Theory and Philosophy of Conservation <\/p>\n\n\n\n<p><a rel=\"noreferrer noopener\" href=\"https:\/\/water.icomos.org\/\" data-type=\"URL\" data-id=\"https:\/\/water.icomos.org\/\" target=\"_blank\">Water-and-Heritage <\/a>&#8211; International Scientific Committee on Water Heritage<\/p>\n\n\n\n<p><a href=\"https:\/\/www.icomos.org\/en\/focus\/our-common-dignity-initiative-rights-based-approach\/57947-our-common-dignity-initiative-rights-based-approach\">&#8220;Our Common Dignity Initiative&#8221; &#8211; Rights-based Approach<\/a> working group<\/p>\n\n\n\n<p><a href=\"https:\/\/www.icomos.org\/en\/focus\/climate-change\/60669-icomos-work-on-climate-change\">ICOMOS work on Climate change<\/a><\/p>\n\n\n\n<p><\/p>\n\n\n\n<p><\/p>\n\n\n\n<p><strong>Esimese eestlasena astus  ICOMOSi liikmeks Fredi Tomps 1978. aastal. Fredi Tomps valiti ICOMOS Eesti auliikmeks 2018. aastal.<\/strong><\/p>\n\n\n\n<p><strong>ICOMOS Eesti Komitee loodi 1993. aastal<\/strong>, esimeheks Kaur Alttoa<\/p>\n\n\n\n<p>ICOMOSi ajaloost Eestis saab lugeda siit:&nbsp;<a href=\"http:\/\/www.icomos.ee\/wp-content\/uploads\/2011\/05\/aastaraamat_2009_17_052.pdf\">aastaraamat_2009_17_05<\/a><\/p>\n\n\n\n<p>Eesti oli UNESCO Maailmap\u00e4randikomitee liige 2009-2013. &nbsp;T\u00f6\u00f6st UNESCOs ja ICOMOSi panusest saab lugeda siit&nbsp;<a href=\"http:\/\/www.icomos.ee\/wp-content\/uploads\/2011\/05\/UNESCO-Alatalu.pdf\">UNESCO&nbsp;<\/a><\/p>\n\n\n\n<div data-wp-interactive=\"core\/file\" class=\"wp-block-file\"><object data-wp-bind--hidden=\"!state.hasPdfPreview\" hidden class=\"wp-block-file__embed\" data=\"https:\/\/estonia.icomos.org\/wp-content\/uploads\/2024\/11\/3282339_Pohikiri.pdf\" type=\"application\/pdf\" style=\"width:100%;height:600px\" aria-label=\"Lisa 3282339_Pohikiri.\"><\/object><a id=\"wp-block-file--media-0f139369-3daf-4678-9203-3a7bede19576\" href=\"https:\/\/estonia.icomos.org\/wp-content\/uploads\/2024\/11\/3282339_Pohikiri.pdf\">3282339_Pohikiri<\/a><a href=\"https:\/\/estonia.icomos.org\/wp-content\/uploads\/2024\/11\/3282339_Pohikiri.pdf\" class=\"wp-block-file__button wp-element-button\" download aria-describedby=\"wp-block-file--media-0f139369-3daf-4678-9203-3a7bede19576\">Laadi alla<\/a><\/div>\n\n\n\n<p><\/p>\n\n\n\n<p>Arengukava <\/p>\n\n\n\n<div data-wp-interactive=\"core\/file\" class=\"wp-block-file\"><object data-wp-bind--hidden=\"!state.hasPdfPreview\" hidden class=\"wp-block-file__embed\" data=\"https:\/\/estonia.icomos.org\/wp-content\/uploads\/2025\/01\/ICOMOSarengukava20252027-1.pdf\" type=\"application\/pdf\" style=\"width:100%;height:600px\" aria-label=\"Lisa ICOMOSarengukava20252027 (1).\"><\/object><a id=\"wp-block-file--media-7f9f02b5-f02e-4b2d-974f-0c1b3e5e7bda\" href=\"https:\/\/estonia.icomos.org\/wp-content\/uploads\/2025\/01\/ICOMOSarengukava20252027-1.pdf\">ICOMOSarengukava20252027 (1)<\/a><a href=\"https:\/\/estonia.icomos.org\/wp-content\/uploads\/2025\/01\/ICOMOSarengukava20252027-1.pdf\" class=\"wp-block-file__button wp-element-button\" download aria-describedby=\"wp-block-file--media-7f9f02b5-f02e-4b2d-974f-0c1b3e5e7bda\">Laadi alla<\/a><\/div>\n\n\n\n<p>Tegevuskava<\/p>\n\n\n\n<div data-wp-interactive=\"core\/file\" class=\"wp-block-file\"><object data-wp-bind--hidden=\"!state.hasPdfPreview\" hidden class=\"wp-block-file__embed\" data=\"https:\/\/estonia.icomos.org\/wp-content\/uploads\/2025\/01\/ICOMOSTEGEVUSKAVA2527-3.pdf\" type=\"application\/pdf\" style=\"width:100%;height:600px\" aria-label=\"Lisa ICOMOSTEGEVUSKAVA2527 (3).\"><\/object><a id=\"wp-block-file--media-29da1cae-96af-404e-979f-db4de46e2c97\" href=\"https:\/\/estonia.icomos.org\/wp-content\/uploads\/2025\/01\/ICOMOSTEGEVUSKAVA2527-3.pdf\">ICOMOSTEGEVUSKAVA2527 (3)<\/a><a href=\"https:\/\/estonia.icomos.org\/wp-content\/uploads\/2025\/01\/ICOMOSTEGEVUSKAVA2527-3.pdf\" class=\"wp-block-file__button wp-element-button\" download aria-describedby=\"wp-block-file--media-29da1cae-96af-404e-979f-db4de46e2c97\">Laadi alla<\/a><\/div>\n","protected":false},"excerpt":{"rendered":"<p>ICOMOS on 1965. aastal loodud rahvusvaheline muinsuskaitse eksperte \u00fchendav organisatsioon. ICOMOSi eetikakoodeks ICOMOS tegutseb l\u00e4bi rahvuskomiteede ja teaduskomiteede. ICOMOS Eesti liikmed on esindatud j\u00e4rgmistes teaduskomiteedes: ISCCL:&nbsp;International committee on&nbsp;Cultural Landscapes&nbsp;ICOMOS-IFLA IcoFort: International committee on&nbsp;Fortifications and Military Heritage CIVVIH: International committee on&nbsp;Historic Towns and Villages ICLAFI:&nbsp;International committee on&nbsp;Legal, Administrative and Financial Issues CIAV: International committee on&nbsp;Vernacular Architecture [&hellip;]<\/p>\n","protected":false},"author":2,"featured_media":0,"parent":0,"menu_order":0,"comment_status":"closed","ping_status":"closed","template":"","meta":{"footnotes":""},"class_list":["post-9","page","type-page","status-publish","hentry"],"_links":{"self":[{"href":"https:\/\/estonia.icomos.org\/index.php\/wp-json\/wp\/v2\/pages\/9","targetHints":{"allow":["GET"]}}],"collection":[{"href":"https:\/\/estonia.icomos.org\/index.php\/wp-json\/wp\/v2\/pages"}],"about":[{"href":"https:\/\/estonia.icomos.org\/index.php\/wp-json\/wp\/v2\/types\/page"}],"author":[{"embeddable":true,"href":"https:\/\/estonia.icomos.org\/index.php\/wp-json\/wp\/v2\/users\/2"}],"replies":[{"embeddable":true,"href":"https:\/\/estonia.icomos.org\/index.php\/wp-json\/wp\/v2\/comments?post=9"}],"version-history":[{"count":19,"href":"https:\/\/estonia.icomos.org\/index.php\/wp-json\/wp\/v2\/pages\/9\/revisions"}],"predecessor-version":[{"id":847,"href":"https:\/\/estonia.icomos.org\/index.php\/wp-json\/wp\/v2\/pages\/9\/revisions\/847"}],"wp:attachment":[{"href":"https:\/\/estonia.icomos.org\/index.php\/wp-json\/wp\/v2\/media?parent=9"}],"curies":[{"name":"wp","href":"https:\/\/api.w.org\/{rel}","templated":true}]}}